{"id":13188,"date":"2023-02-05T16:23:52","date_gmt":"2023-02-05T14:23:52","guid":{"rendered":"https:\/\/darwinshaving.com\/produit\/nos-vintage-dispenser-of-10-gillette-bleue-extra-safety-razor-blades\/"},"modified":"2026-02-20T18:08:09","modified_gmt":"2026-02-20T16:08:09","slug":"nos-vintage-dispenser-of-10-gillette-bleue-extra-safety-razor-blades","status":"publish","type":"product","link":"https:\/\/darwinshaving.com\/en\/product\/nos-vintage-dispenser-of-10-gillette-bleue-extra-safety-razor-blades\/","title":{"rendered":"NOS vintage Dispenser of 10 Gillette &#8220;Bleue Extra&#8221; safety razor blades"},"content":{"rendered":"<p>Ancien paquet de 10 lames \u00e0 double tranchant pour rasoir de s\u00fbret\u00e9 \/ s\u00e9curit\u00e9. Le paquet est neuf, non ouvert, les lames encore dans leur emballage scell\u00e9 d&#8217;origine. Les lames sont fabriqu\u00e9es par Gillette, mod\u00e8le &#8220;Bleue Extra&#8221; pour le march\u00e9 Fran\u00e7ais. Dispenser scell\u00e9 d&#8217;origine.<\/p>\n","protected":false},"excerpt":{"rendered":"<p>NOS: New Old Stock. The price is for one dispenser. Several tucks are available individually, and other versions are available. Please feel free to browse our other offers.<\/p>\n","protected":false},"featured_media":29620,"comment_status":"open","ping_status":"closed","template":"","meta":{"_acf_changed":false,"ocean_post_layout":"","ocean_both_sidebars_style":"","ocean_both_sidebars_content_width":0,"ocean_both_sidebars_sidebars_width":0,"ocean_sidebar":"0","ocean_second_sidebar":"0","ocean_disable_margins":"enable","ocean_add_body_class":"","ocean_shortcode_before_top_bar":"","ocean_shortcode_after_top_bar":"","ocean_shortcode_before_header":"","ocean_shortcode_after_header":"","ocean_has_shortcode":"","ocean_shortcode_after_title":"","ocean_shortcode_before_footer_widgets":"","ocean_shortcode_after_footer_widgets":"","ocean_shortcode_before_footer_bottom":"","ocean_shortcode_after_footer_bottom":"","ocean_display_top_bar":"default","ocean_display_header":"default","ocean_header_style":"","ocean_center_header_left_menu":"0","ocean_custom_header_template":"0","ocean_custom_logo":0,"ocean_custom_retina_logo":0,"ocean_custom_logo_max_width":0,"ocean_custom_logo_tablet_max_width":0,"ocean_custom_logo_mobile_max_width":0,"ocean_custom_logo_max_height":0,"ocean_custom_logo_tablet_max_height":0,"ocean_custom_logo_mobile_max_height":0,"ocean_header_custom_menu":"0","ocean_menu_typo_font_family":"0","ocean_menu_typo_font_subset":"","ocean_menu_typo_font_size":0,"ocean_menu_typo_font_size_tablet":0,"ocean_menu_typo_font_size_mobile":0,"ocean_menu_typo_font_size_unit":"px","ocean_menu_typo_font_weight":"","ocean_menu_typo_font_weight_tablet":"","ocean_menu_typo_font_weight_mobile":"","ocean_menu_typo_transform":"","ocean_menu_typo_transform_tablet":"","ocean_menu_typo_transform_mobile":"","ocean_menu_typo_line_height":0,"ocean_menu_typo_line_height_tablet":0,"ocean_menu_typo_line_height_mobile":0,"ocean_menu_typo_line_height_unit":"","ocean_menu_typo_spacing":0,"ocean_menu_typo_spacing_tablet":0,"ocean_menu_typo_spacing_mobile":0,"ocean_menu_typo_spacing_unit":"","ocean_menu_link_color":"","ocean_menu_link_color_hover":"","ocean_menu_link_color_active":"","ocean_menu_link_background":"","ocean_menu_link_hover_background":"","ocean_menu_link_active_background":"","ocean_menu_social_links_bg":"","ocean_menu_social_hover_links_bg":"","ocean_menu_social_links_color":"","ocean_menu_social_hover_links_color":"","ocean_disable_title":"default","ocean_disable_heading":"default","ocean_post_title":"","ocean_post_subheading":"","ocean_post_title_style":"","ocean_post_title_background_color":"","ocean_post_title_background":0,"ocean_post_title_bg_image_position":"","ocean_post_title_bg_image_attachment":"","ocean_post_title_bg_image_repeat":"","ocean_post_title_bg_image_size":"","ocean_post_title_height":0,"ocean_post_title_bg_overlay":0.5,"ocean_post_title_bg_overlay_color":"","ocean_disable_breadcrumbs":"default","ocean_breadcrumbs_color":"","ocean_breadcrumbs_separator_color":"","ocean_breadcrumbs_links_color":"","ocean_breadcrumbs_links_hover_color":"","ocean_display_footer_widgets":"default","ocean_display_footer_bottom":"default","ocean_custom_footer_template":"0"},"product_brand":[],"product_cat":[390],"product_tag":[],"class_list":{"0":"post-13188","1":"product","2":"type-product","3":"status-publish","4":"has-post-thumbnail","6":"product_cat-vintage-razor-blades","8":"entry","9":"has-media","11":"first","12":"instock","13":"shipping-taxable","14":"purchasable","15":"product-type-simple","16":"has-product-nav","17":"col","18":"span_1_of_3","19":"owp-content-center","20":"item-entry","21":"owp-thumbs-layout-horizontal","22":"owp-btn-big","23":"owp-tabs-layout-horizontal"},"acf":[],"yoast_head":"<!-- This site is optimized with the Yoast SEO Premium plugin v25.8 (Yoast SEO v25.8) - https:\/\/yoast.com\/wordpress\/plugins\/seo\/ -->\n<title>NOS vintage Dispenser of 10 Gillette &quot;Bleue Extra&quot; safety razor blades - Darwin Shaving<\/title>\n<meta name=\"description\" content=\"Vintage pack of 10 double edge safety razor blades. Each pack is new, unopened, blades still in original sealed packaging. The blades are made by Gillette, model &quot;Bleue Extra&quot; made in Annecy, France. NOS: New Old Stock. The price is for one dispenser.\" \/>\n<meta name=\"robots\" content=\"index, follow, max-snippet:-1, max-image-preview:large, max-video-preview:-1\" \/>\n<link rel=\"canonical\" href=\"https:\/\/darwinshaving.com\/en\/product\/nos-vintage-dispenser-of-10-gillette-bleue-extra-safety-razor-blades\/\" \/>\n<meta property=\"og:locale\" content=\"en_US\" \/>\n<meta property=\"og:type\" content=\"article\" \/>\n<meta property=\"og:title\" content=\"NOS vintage Dispenser of 10 Gillette &quot;Bleue Extra&quot; safety razor blades\" \/>\n<meta property=\"og:description\" content=\"NOS: New Old Stock. The price is for one dispenser. Several tucks are available individually, and other versions are available. Please feel free to browse our other offers.\" \/>\n<meta property=\"og:url\" content=\"https:\/\/darwinshaving.com\/en\/product\/nos-vintage-dispenser-of-10-gillette-bleue-extra-safety-razor-blades\/\" \/>\n<meta property=\"og:site_name\" content=\"Darwin Shaving\" \/>\n<meta property=\"article:modified_time\" content=\"2026-02-20T16:08:09+00:00\" \/>\n<meta name=\"twitter:card\" content=\"summary_large_image\" \/>\n<meta name=\"twitter:label1\" content=\"Price\" \/>\n\t<meta name=\"twitter:data1\" content=\"8.99&nbsp;&euro;\" \/>\n\t<meta name=\"twitter:label2\" content=\"Availability\" \/>\n\t<meta name=\"twitter:data2\" content=\"In stock\" \/>\n<script type=\"application\/ld+json\" class=\"yoast-schema-graph\">{\"@context\":\"https:\/\/schema.org\",\"@graph\":[{\"@type\":\"WebPage\",\"@id\":\"https:\/\/darwinshaving.com\/en\/product\/nos-vintage-dispenser-of-10-gillette-bleue-extra-safety-razor-blades\/\",\"url\":\"https:\/\/darwinshaving.com\/en\/product\/nos-vintage-dispenser-of-10-gillette-bleue-extra-safety-razor-blades\/\",\"name\":\"NOS vintage Dispenser of 10 Gillette \\\"Bleue Extra\\\" safety razor blades - Darwin Shaving\",\"isPartOf\":{\"@id\":\"https:\/\/darwinshaving.com\/en\/#website\"},\"primaryImageOfPage\":{\"@id\":\"https:\/\/darwinshaving.com\/en\/product\/nos-vintage-dispenser-of-10-gillette-bleue-extra-safety-razor-blades\/#primaryimage\"},\"image\":{\"@id\":\"https:\/\/darwinshaving.com\/en\/product\/nos-vintage-dispenser-of-10-gillette-bleue-extra-safety-razor-blades\/#primaryimage\"},\"thumbnailUrl\":\"https:\/\/darwinshaving.com\/wp-content\/uploads\/2023\/02\/Lames-a-double-tranchant-Gillette-Bleue-Extra-1.jpg\",\"datePublished\":\"2023-02-05T14:23:52+00:00\",\"dateModified\":\"2026-02-20T16:08:09+00:00\",\"description\":\"Vintage pack of 10 double edge safety razor blades. Each pack is new, unopened, blades still in original sealed packaging. The blades are made by Gillette, model \\\"Bleue Extra\\\" made in Annecy, France. NOS: New Old Stock. The price is for one dispenser.\",\"breadcrumb\":{\"@id\":\"https:\/\/darwinshaving.com\/en\/product\/nos-vintage-dispenser-of-10-gillette-bleue-extra-safety-razor-blades\/#breadcrumb\"},\"inLanguage\":\"en-US\",\"potentialAction\":[{\"@type\":\"ReadAction\",\"target\":[\"https:\/\/darwinshaving.com\/en\/product\/nos-vintage-dispenser-of-10-gillette-bleue-extra-safety-razor-blades\/\"]}]},{\"@type\":\"ImageObject\",\"inLanguage\":\"en-US\",\"@id\":\"https:\/\/darwinshaving.com\/en\/product\/nos-vintage-dispenser-of-10-gillette-bleue-extra-safety-razor-blades\/#primaryimage\",\"url\":\"https:\/\/darwinshaving.com\/wp-content\/uploads\/2023\/02\/Lames-a-double-tranchant-Gillette-Bleue-Extra-1.jpg\",\"contentUrl\":\"https:\/\/darwinshaving.com\/wp-content\/uploads\/2023\/02\/Lames-a-double-tranchant-Gillette-Bleue-Extra-1.jpg\",\"width\":1728,\"height\":1728,\"caption\":\"NOS vintage Dispenser of 10 Gillette \\\"Bleue Extra\\\" safety razor blades\"},{\"@type\":\"BreadcrumbList\",\"@id\":\"https:\/\/darwinshaving.com\/en\/product\/nos-vintage-dispenser-of-10-gillette-bleue-extra-safety-razor-blades\/#breadcrumb\",\"itemListElement\":[{\"@type\":\"ListItem\",\"position\":1,\"name\":\"Accueil\",\"item\":\"https:\/\/darwinshaving.com\/en\/\"},{\"@type\":\"ListItem\",\"position\":2,\"name\":\"Shop\",\"item\":\"https:\/\/darwinshaving.com\/en\/shop\/\"},{\"@type\":\"ListItem\",\"position\":3,\"name\":\"NOS vintage Dispenser of 10 Gillette &#8220;Bleue Extra&#8221; safety razor blades\"}]},{\"@type\":\"WebSite\",\"@id\":\"https:\/\/darwinshaving.com\/en\/#website\",\"url\":\"https:\/\/darwinshaving.com\/en\/\",\"name\":\"Darwin Shaving\",\"description\":\"Darwin propose des articles de rasage et des produits de soin sur mesure pour les gentlemen exigeants. Le plus beau survit.\",\"publisher\":{\"@id\":\"https:\/\/darwinshaving.com\/en\/#organization\"},\"potentialAction\":[{\"@type\":\"SearchAction\",\"target\":{\"@type\":\"EntryPoint\",\"urlTemplate\":\"https:\/\/darwinshaving.com\/en\/?s={search_term_string}\"},\"query-input\":{\"@type\":\"PropertyValueSpecification\",\"valueRequired\":true,\"valueName\":\"search_term_string\"}}],\"inLanguage\":\"en-US\"},{\"@type\":\"Organization\",\"@id\":\"https:\/\/darwinshaving.com\/en\/#organization\",\"name\":\"Darwin\",\"url\":\"https:\/\/darwinshaving.com\/en\/\",\"logo\":{\"@type\":\"ImageObject\",\"inLanguage\":\"en-US\",\"@id\":\"https:\/\/darwinshaving.com\/en\/#\/schema\/logo\/image\/\",\"url\":\"https:\/\/darwinshaving.com\/wp-content\/uploads\/2020\/06\/logo-darwin.svg\",\"contentUrl\":\"https:\/\/darwinshaving.com\/wp-content\/uploads\/2020\/06\/logo-darwin.svg\",\"width\":1,\"height\":1,\"caption\":\"Darwin\"},\"image\":{\"@id\":\"https:\/\/darwinshaving.com\/en\/#\/schema\/logo\/image\/\"}}]}<\/script>\n<meta property=\"product:price:amount\" content=\"8.99\" \/>\n<meta property=\"product:price:currency\" content=\"EUR\" \/>\n<meta property=\"og:availability\" content=\"instock\" \/>\n<meta property=\"product:availability\" content=\"instock\" \/>\n<meta property=\"product:retailer_item_id\" content=\"GBE 10-5\" \/>\n<meta property=\"product:condition\" content=\"new\" \/>\n<!-- \/ Yoast SEO Premium plugin. -->","yoast_head_json":{"title":"NOS vintage Dispenser of 10 Gillette \"Bleue Extra\" safety razor blades - Darwin Shaving","description":"Vintage pack of 10 double edge safety razor blades. Each pack is new, unopened, blades still in original sealed packaging. The blades are made by Gillette, model \"Bleue Extra\" made in Annecy, France. NOS: New Old Stock. The price is for one dispenser.","robots":{"index":"index","follow":"follow","max-snippet":"max-snippet:-1","max-image-preview":"max-image-preview:large","max-video-preview":"max-video-preview:-1"},"canonical":"https:\/\/darwinshaving.com\/en\/product\/nos-vintage-dispenser-of-10-gillette-bleue-extra-safety-razor-blades\/","og_locale":"en_US","og_type":"article","og_title":"NOS vintage Dispenser of 10 Gillette \"Bleue Extra\" safety razor blades","og_description":"NOS: New Old Stock. The price is for one dispenser. Several tucks are available individually, and other versions are available. Please feel free to browse our other offers.","og_url":"https:\/\/darwinshaving.com\/en\/product\/nos-vintage-dispenser-of-10-gillette-bleue-extra-safety-razor-blades\/","og_site_name":"Darwin Shaving","article_modified_time":"2026-02-20T16:08:09+00:00","twitter_card":"summary_large_image","twitter_misc":{"Price":"8.99&nbsp;&euro;","Availability":"In stock"},"schema":{"@context":"https:\/\/schema.org","@graph":[{"@type":"WebPage","@id":"https:\/\/darwinshaving.com\/en\/product\/nos-vintage-dispenser-of-10-gillette-bleue-extra-safety-razor-blades\/","url":"https:\/\/darwinshaving.com\/en\/product\/nos-vintage-dispenser-of-10-gillette-bleue-extra-safety-razor-blades\/","name":"NOS vintage Dispenser of 10 Gillette \"Bleue Extra\" safety razor blades - Darwin Shaving","isPartOf":{"@id":"https:\/\/darwinshaving.com\/en\/#website"},"primaryImageOfPage":{"@id":"https:\/\/darwinshaving.com\/en\/product\/nos-vintage-dispenser-of-10-gillette-bleue-extra-safety-razor-blades\/#primaryimage"},"image":{"@id":"https:\/\/darwinshaving.com\/en\/product\/nos-vintage-dispenser-of-10-gillette-bleue-extra-safety-razor-blades\/#primaryimage"},"thumbnailUrl":"https:\/\/darwinshaving.com\/wp-content\/uploads\/2023\/02\/Lames-a-double-tranchant-Gillette-Bleue-Extra-1.jpg","datePublished":"2023-02-05T14:23:52+00:00","dateModified":"2026-02-20T16:08:09+00:00","description":"Vintage pack of 10 double edge safety razor blades. Each pack is new, unopened, blades still in original sealed packaging. The blades are made by Gillette, model \"Bleue Extra\" made in Annecy, France. NOS: New Old Stock. The price is for one dispenser.","breadcrumb":{"@id":"https:\/\/darwinshaving.com\/en\/product\/nos-vintage-dispenser-of-10-gillette-bleue-extra-safety-razor-blades\/#breadcrumb"},"inLanguage":"en-US","potentialAction":[{"@type":"ReadAction","target":["https:\/\/darwinshaving.com\/en\/product\/nos-vintage-dispenser-of-10-gillette-bleue-extra-safety-razor-blades\/"]}]},{"@type":"ImageObject","inLanguage":"en-US","@id":"https:\/\/darwinshaving.com\/en\/product\/nos-vintage-dispenser-of-10-gillette-bleue-extra-safety-razor-blades\/#primaryimage","url":"https:\/\/darwinshaving.com\/wp-content\/uploads\/2023\/02\/Lames-a-double-tranchant-Gillette-Bleue-Extra-1.jpg","contentUrl":"https:\/\/darwinshaving.com\/wp-content\/uploads\/2023\/02\/Lames-a-double-tranchant-Gillette-Bleue-Extra-1.jpg","width":1728,"height":1728,"caption":"NOS vintage Dispenser of 10 Gillette \"Bleue Extra\" safety razor blades"},{"@type":"BreadcrumbList","@id":"https:\/\/darwinshaving.com\/en\/product\/nos-vintage-dispenser-of-10-gillette-bleue-extra-safety-razor-blades\/#breadcrumb","itemListElement":[{"@type":"ListItem","position":1,"name":"Accueil","item":"https:\/\/darwinshaving.com\/en\/"},{"@type":"ListItem","position":2,"name":"Shop","item":"https:\/\/darwinshaving.com\/en\/shop\/"},{"@type":"ListItem","position":3,"name":"NOS vintage Dispenser of 10 Gillette &#8220;Bleue Extra&#8221; safety razor blades"}]},{"@type":"WebSite","@id":"https:\/\/darwinshaving.com\/en\/#website","url":"https:\/\/darwinshaving.com\/en\/","name":"Darwin Shaving","description":"Darwin propose des articles de rasage et des produits de soin sur mesure pour les gentlemen exigeants. Le plus beau survit.","publisher":{"@id":"https:\/\/darwinshaving.com\/en\/#organization"},"potentialAction":[{"@type":"SearchAction","target":{"@type":"EntryPoint","urlTemplate":"https:\/\/darwinshaving.com\/en\/?s={search_term_string}"},"query-input":{"@type":"PropertyValueSpecification","valueRequired":true,"valueName":"search_term_string"}}],"inLanguage":"en-US"},{"@type":"Organization","@id":"https:\/\/darwinshaving.com\/en\/#organization","name":"Darwin","url":"https:\/\/darwinshaving.com\/en\/","logo":{"@type":"ImageObject","inLanguage":"en-US","@id":"https:\/\/darwinshaving.com\/en\/#\/schema\/logo\/image\/","url":"https:\/\/darwinshaving.com\/wp-content\/uploads\/2020\/06\/logo-darwin.svg","contentUrl":"https:\/\/darwinshaving.com\/wp-content\/uploads\/2020\/06\/logo-darwin.svg","width":1,"height":1,"caption":"Darwin"},"image":{"@id":"https:\/\/darwinshaving.com\/en\/#\/schema\/logo\/image\/"}}]},"product_price_amount":"8.99","product_price_currency":"EUR","og_availability":"instock","product_availability":"instock","product_retailer_item_id":"GBE 10-5","product_condition":"new"},"_links":{"self":[{"href":"https:\/\/darwinshaving.com\/en\/wp-json\/wp\/v2\/product\/13188","targetHints":{"allow":["GET"]}}],"collection":[{"href":"https:\/\/darwinshaving.com\/en\/wp-json\/wp\/v2\/product"}],"about":[{"href":"https:\/\/darwinshaving.com\/en\/wp-json\/wp\/v2\/types\/product"}],"replies":[{"embeddable":true,"href":"https:\/\/darwinshaving.com\/en\/wp-json\/wp\/v2\/comments?post=13188"}],"wp:featuredmedia":[{"embeddable":true,"href":"https:\/\/darwinshaving.com\/en\/wp-json\/wp\/v2\/media\/29620"}],"wp:attachment":[{"href":"https:\/\/darwinshaving.com\/en\/wp-json\/wp\/v2\/media?parent=13188"}],"wp:term":[{"taxonomy":"product_brand","embeddable":true,"href":"https:\/\/darwinshaving.com\/en\/wp-json\/wp\/v2\/product_brand?post=13188"},{"taxonomy":"product_cat","embeddable":true,"href":"https:\/\/darwinshaving.com\/en\/wp-json\/wp\/v2\/product_cat?post=13188"},{"taxonomy":"product_tag","embeddable":true,"href":"https:\/\/darwinshaving.com\/en\/wp-json\/wp\/v2\/product_tag?post=13188"}],"curies":[{"name":"wp","href":"https:\/\/api.w.org\/{rel}","templated":true}]}}